{"id":6,"date":"2025-12-24T10:20:20","date_gmt":"2025-12-24T10:20:20","guid":{"rendered":"https:\/\/dev-wp.greis-brosent.de\/?page_id=6"},"modified":"2026-03-18T18:55:53","modified_gmt":"2026-03-18T18:55:53","slug":"home","status":"publish","type":"page","link":"https:\/\/mgi-gb.de\/de\/","title":{"rendered":"Home"},"content":{"rendered":"<div data-elementor-type=\"wp-page\" data-elementor-id=\"6\" class=\"elementor elementor-6\" data-elementor-post-type=\"page\">\n\t\t\t\t<div class=\"elementor-element elementor-element-0969d8d e-flex e-con-boxed e-con e-parent\" data-id=\"0969d8d\" data-element_type=\"container\" data-e-type=\"container\" data-settings=\"{&quot;background_background&quot;:&quot;classic&quot;}\">\n\t\t\t\t\t<div class=\"e-con-inner\">\n\t\t<div class=\"elementor-element elementor-element-65be769 e-con-full e-flex e-con e-child\" data-id=\"65be769\" data-element_type=\"container\" data-e-type=\"container\">\n\t\t\t\t<div class=\"elementor-element elementor-element-6f96d7a elementor-widget elementor-widget-heading\" data-id=\"6f96d7a\" data-element_type=\"widget\" data-e-type=\"widget\" data-widget_type=\"heading.default\">\n\t\t\t\t\t<h1 class=\"elementor-heading-title elementor-size-default\"><b>Effiziente Wirtschaftspr\u00fcfung<\/b> <\/br>\nInnovative tools<\/h1>\t\t\t\t<\/div>\n\t\t\t\t<div class=\"elementor-element elementor-element-9e5a500 elementor-widget__width-initial elementor-widget elementor-widget-text-editor\" data-id=\"9e5a500\" data-element_type=\"widget\" data-e-type=\"widget\" data-widget_type=\"text-editor.default\">\n\t\t\t\t\t\t\t\t\t<div>Wo intelligente Technologien und kluge K\u00f6pfe zusammenkommen, um\nIhre Audits in die Zukunft f\u00fchren.<\/div>\t\t\t\t\t\t\t\t<\/div>\n\t\t\t\t<\/div>\n\t\t\t\t\t<\/div>\n\t\t\t\t<\/div>\n\t\t<div class=\"elementor-element elementor-element-c9c607e elementor-hidden-desktop elementor-hidden-tablet elementor-hidden-mobile e-flex e-con-boxed e-con e-parent\" data-id=\"c9c607e\" data-element_type=\"container\" data-e-type=\"container\" data-settings=\"{&quot;background_background&quot;:&quot;classic&quot;}\">\n\t\t\t\t\t<div class=\"e-con-inner\">\n\t\t<div class=\"elementor-element elementor-element-57773f0 e-con-full e-flex e-con e-child\" data-id=\"57773f0\" data-element_type=\"container\" data-e-type=\"container\">\n\t\t\t\t<div class=\"elementor-element elementor-element-6ce2798 elementor-widget elementor-widget-image\" data-id=\"6ce2798\" data-element_type=\"widget\" data-e-type=\"widget\" data-widget_type=\"image.default\">\n\t\t\t\t\t\t\t\t\t\t\t\t\t\t\t<img decoding=\"async\" src=\"https:\/\/mgi-gb.de\/wp-content\/uploads\/2025\/12\/MGI-LOGO-MEMBER-OF.png\" class=\"attachment-full size-full wp-image-17\" alt=\"\" \/>\t\t\t\t\t\t\t\t\t\t\t\t\t\t\t<\/div>\n\t\t\t\t<\/div>\n\t\t<div class=\"elementor-element elementor-element-8fd0ba2 e-con-full e-flex e-con e-child\" data-id=\"8fd0ba2\" data-element_type=\"container\" data-e-type=\"container\">\n\t\t\t\t<div class=\"elementor-element elementor-element-b45d049 elementor-widget elementor-widget-text-editor\" data-id=\"b45d049\" data-element_type=\"widget\" data-e-type=\"widget\" data-widget_type=\"text-editor.default\">\n\t\t\t\t\t\t\t\t\t<p>MGI Worldwide is a network of independent audit, tax, accounting and consulting firms. <a style=\"color: #0f4b7d;\" href=\"https:\/\/www.mgiworld.com\/\" target=\"_blank\" rel=\"noopener\">Learn more<\/a><\/p>\t\t\t\t\t\t\t\t<\/div>\n\t\t\t\t<\/div>\n\t\t\t\t\t<\/div>\n\t\t\t\t<\/div>\n\t\t<div class=\"elementor-element elementor-element-56a36d3 e-flex e-con-boxed e-con e-parent\" data-id=\"56a36d3\" data-element_type=\"container\" data-e-type=\"container\">\n\t\t\t\t\t<div class=\"e-con-inner\">\n\t\t<div class=\"elementor-element elementor-element-1be46c0 e-con-full e-flex e-con e-child\" data-id=\"1be46c0\" data-element_type=\"container\" data-e-type=\"container\">\n\t\t\t\t<div class=\"elementor-element elementor-element-137b5b4 elementor-hidden-desktop elementor-hidden-tablet elementor-hidden-mobile elementor-widget elementor-widget-heading\" data-id=\"137b5b4\" data-element_type=\"widget\" data-e-type=\"widget\" data-widget_type=\"heading.default\">\n\t\t\t\t\t<h2 class=\"elementor-heading-title elementor-size-default\">When providing advice, we focus on the solution!<\/h2>\t\t\t\t<\/div>\n\t\t\t\t<div class=\"elementor-element elementor-element-a545d86 elementor-widget elementor-widget-text-editor\" data-id=\"a545d86\" data-element_type=\"widget\" data-e-type=\"widget\" data-widget_type=\"text-editor.default\">\n\t\t\t\t\t\t\t\t\t<p>Bei Greis Brosent konzentrieren wir uns ausschlie\u00dflich auf das, was wir am besten k\u00f6nnen: unabh\u00e4ngige Wirtschaftspr\u00fcfung.<\/p>\t\t\t\t\t\t\t\t<\/div>\n\t\t\t\t<div class=\"elementor-element elementor-element-5b342f5 elementor-widget elementor-widget-text-editor\" data-id=\"5b342f5\" data-element_type=\"widget\" data-e-type=\"widget\" data-widget_type=\"text-editor.default\">\n\t\t\t\t\t\t\t\t\t<p>Wir kombinieren fundiertes Audit-Know-how mit intelligenten Softwarel\u00f6sungen und fortschrittlichen Technologien, um Pr\u00fcfungen durchzuf\u00fchren, die nicht nur pr\u00e4zise und konform sind, sondern auch schneller, transparenter und aufschlussreicher.<\/p>\t\t\t\t\t\t\t\t<\/div>\n\t\t\t\t<div class=\"elementor-element elementor-element-831c61d elementor-widget__width-inherit elementor-widget elementor-widget-text-editor\" data-id=\"831c61d\" data-element_type=\"widget\" data-e-type=\"widget\" data-widget_type=\"text-editor.default\">\n\t\t\t\t\t\t\t\t\t<p>Wir helfen Ihnen, Risiken fr\u00fchzeitig zu erkennen, Prozesse zu optimieren und ein klareres Verst\u00e4ndnis Ihrer Organisation zu gewinnen \u2013 damit Sie mit Zuversicht bessere Entscheidungen treffen k\u00f6nnen.<\/p>\t\t\t\t\t\t\t\t<\/div>\n\t\t\t\t<div class=\"elementor-element elementor-element-64c9d8d elementor-hidden-desktop elementor-hidden-tablet elementor-hidden-mobile elementor-widget elementor-widget-text-editor\" data-id=\"64c9d8d\" data-element_type=\"widget\" data-e-type=\"widget\" data-widget_type=\"text-editor.default\">\n\t\t\t\t\t\t\t\t\t<p>We offer tax advisory and auditing services to start-ups, small, medium-sized and large companies and perform audits for financial services companies and industrial enterprises.<\/p><p>Depending on the specific situation, this involves a wide range of challenges and complexities. In order to make well-founded and professional proposals, we need to assess all the decision-making factors carefully, while taking into account the individual client\u2019s business and financial policy objectives and personal instructions.<\/p><p><strong>The basis of our business is to provide high quality services for the benefit of our clients.<\/strong><\/p>\t\t\t\t\t\t\t\t<\/div>\n\t\t\t\t<\/div>\n\t\t\t\t\t<\/div>\n\t\t\t\t<\/div>\n\t\t<div class=\"elementor-element elementor-element-9231859 elementor-hidden-desktop elementor-hidden-tablet elementor-hidden-mobile e-flex e-con-boxed e-con e-parent\" data-id=\"9231859\" data-element_type=\"container\" data-e-type=\"container\" data-settings=\"{&quot;background_background&quot;:&quot;classic&quot;}\">\n\t\t\t\t\t<div class=\"e-con-inner\">\n\t\t<div class=\"elementor-element elementor-element-14322a5 e-con-full e-flex e-con e-child\" data-id=\"14322a5\" data-element_type=\"container\" data-e-type=\"container\">\n\t\t\t\t<div class=\"elementor-element elementor-element-9e17685 elementor-widget elementor-widget-image\" data-id=\"9e17685\" data-element_type=\"widget\" data-e-type=\"widget\" data-widget_type=\"image.default\">\n\t\t\t\t\t\t\t\t\t\t\t\t\t\t\t<img fetchpriority=\"high\" decoding=\"async\" width=\"1754\" height=\"510\" src=\"https:\/\/mgi-gb.de\/wp-content\/uploads\/2025\/12\/MGI-worldwide-member-of-white.png\" class=\"attachment-full size-full wp-image-62\" alt=\"\" srcset=\"https:\/\/mgi-gb.de\/wp-content\/uploads\/2025\/12\/MGI-worldwide-member-of-white.png 1754w, https:\/\/mgi-gb.de\/wp-content\/uploads\/2025\/12\/MGI-worldwide-member-of-white-300x87.png 300w, https:\/\/mgi-gb.de\/wp-content\/uploads\/2025\/12\/MGI-worldwide-member-of-white-1024x298.png 1024w, https:\/\/mgi-gb.de\/wp-content\/uploads\/2025\/12\/MGI-worldwide-member-of-white-768x223.png 768w, https:\/\/mgi-gb.de\/wp-content\/uploads\/2025\/12\/MGI-worldwide-member-of-white-1536x447.png 1536w\" sizes=\"(max-width: 1754px) 100vw, 1754px\" \/>\t\t\t\t\t\t\t\t\t\t\t\t\t\t\t<\/div>\n\t\t\t\t<\/div>\n\t\t<div class=\"elementor-element elementor-element-ecd4abc e-con-full e-flex e-con e-child\" data-id=\"ecd4abc\" data-element_type=\"container\" data-e-type=\"container\">\n\t\t\t\t<div class=\"elementor-element elementor-element-07ceb37 elementor-widget elementor-widget-text-editor\" data-id=\"07ceb37\" data-element_type=\"widget\" data-e-type=\"widget\" data-widget_type=\"text-editor.default\">\n\t\t\t\t\t\t\t\t\t<div>Our global accounting network, your local contact in the world<\/div><div>\u00a0<\/div><div>MGI Greis Brosent is a member of MGI Worldwide, a leading international accounting network of independent audit, accounting, tax, legal, and consulting firms, which brings together the expertise of over 8,500 professionals in some 440 locations around the world. Our membership enables us to keep abreast of important new developments, while providing a seamless international service to any of our clients looking for support abroad. Through MGI Worldwide, our firm benefits from connections with people we get to know and trust in all corners of the globe. We can help you and your operations with a quick phone call to one of our colleagues or a complete service offering \u2013 whatever you need to make your international business a success.<\/div><div>\u00a0<\/div><div>MGI Worldwide ist ein qualit\u00e4tskontrolliertes Netzwerk, und wie alle Mitgliedsfirmen unterliegen wir einer \u00dcberpr\u00fcfung unserer Qualit\u00e4tssicherungssysteme und -verfahren anhand internationaler Standards.<\/div><div>\u00a0<\/div><div>Weitere Informationen zu MGI Worldwide finden Sie auf www.mgiworld.com.\u00a0<span style=\"text-decoration: underline;\"><a id=\"m_6655247491699561618OWAd378852e-a7f2-ee40-1ad3-91c94a57c1cd\" href=\"https:\/\/www.mgiworld.com\/\" target=\"_blank\" rel=\"noopener\" data-saferedirecturl=\"https:\/\/www.google.com\/url?q=https:\/\/www.mgiworld.com\/&amp;source=gmail&amp;ust=1772091720517000&amp;usg=AOvVaw0zxSxXwkWtu_PvdIQTOc3O\">www.mgiworld.com<\/a><\/span><\/div>\t\t\t\t\t\t\t\t<\/div>\n\t\t\t\t<\/div>\n\t\t\t\t\t<\/div>\n\t\t\t\t<\/div>\n\t\t<div class=\"elementor-element elementor-element-4e9be9a elementor-hidden-desktop elementor-hidden-tablet elementor-hidden-mobile e-flex e-con-boxed e-con e-parent\" data-id=\"4e9be9a\" data-element_type=\"container\" data-e-type=\"container\">\n\t\t\t\t\t<div class=\"e-con-inner\">\n\t\t<div class=\"elementor-element elementor-element-a52b201 e-con-full e-flex e-con e-child\" data-id=\"a52b201\" data-element_type=\"container\" data-e-type=\"container\">\n\t\t\t\t<div class=\"elementor-element elementor-element-5ada78a elementor-widget elementor-widget-heading\" data-id=\"5ada78a\" data-element_type=\"widget\" data-e-type=\"widget\" data-widget_type=\"heading.default\">\n\t\t\t\t\t<h2 class=\"elementor-heading-title elementor-size-default\">Service<\/h2>\t\t\t\t<\/div>\n\t\t\t\t<\/div>\n\t\t<div class=\"elementor-element elementor-element-768e8d4 e-con-full e-flex e-con e-child\" data-id=\"768e8d4\" data-element_type=\"container\" data-e-type=\"container\">\n\t\t<div class=\"elementor-element elementor-element-bf1a307 e-con-full e-flex e-con e-child\" data-id=\"bf1a307\" data-element_type=\"container\" data-e-type=\"container\" data-settings=\"{&quot;background_background&quot;:&quot;classic&quot;}\">\n\t\t\t\t<div class=\"elementor-element elementor-element-ae5dc45 elementor-position-left elementor-vertical-align-middle elementor-widget elementor-widget-image-box\" data-id=\"ae5dc45\" data-element_type=\"widget\" data-e-type=\"widget\" data-widget_type=\"image-box.default\">\n\t\t\t\t\t<div class=\"elementor-image-box-wrapper\"><figure class=\"elementor-image-box-img\"><img decoding=\"async\" width=\"2048\" height=\"1364\" src=\"https:\/\/mgi-gb.de\/wp-content\/uploads\/2026\/01\/audit-single-image-1.jpg\" class=\"attachment-full size-full wp-image-440\" alt=\"\" srcset=\"https:\/\/mgi-gb.de\/wp-content\/uploads\/2026\/01\/audit-single-image-1.jpg 2048w, https:\/\/mgi-gb.de\/wp-content\/uploads\/2026\/01\/audit-single-image-1-300x200.jpg 300w, https:\/\/mgi-gb.de\/wp-content\/uploads\/2026\/01\/audit-single-image-1-1024x682.jpg 1024w, https:\/\/mgi-gb.de\/wp-content\/uploads\/2026\/01\/audit-single-image-1-768x512.jpg 768w, https:\/\/mgi-gb.de\/wp-content\/uploads\/2026\/01\/audit-single-image-1-1536x1023.jpg 1536w\" sizes=\"(max-width: 2048px) 100vw, 2048px\" \/><\/figure><div class=\"elementor-image-box-content\"><h3 class=\"elementor-image-box-title\">Audits<\/h3><p class=\"elementor-image-box-description\">Our audits will provide you with valuable insights: How can you make your processes more efficient? How can you adapt your risk management system to the relevant segments? <\/p><\/div><\/div>\t\t\t\t<\/div>\n\t\t\t\t<\/div>\n\t\t\t\t<\/div>\n\t\t\t\t\t<\/div>\n\t\t\t\t<\/div>\n\t\t<div class=\"elementor-element elementor-element-3b904fc elementor-hidden-desktop elementor-hidden-tablet elementor-hidden-mobile e-flex e-con-boxed e-con e-parent\" data-id=\"3b904fc\" data-element_type=\"container\" data-e-type=\"container\">\n\t\t\t\t\t<div class=\"e-con-inner\">\n\t\t<div class=\"elementor-element elementor-element-74f8332 e-con-full e-flex e-con e-child\" data-id=\"74f8332\" data-element_type=\"container\" data-e-type=\"container\">\n\t\t\t\t<div class=\"elementor-element elementor-element-2778ead elementor-widget elementor-widget-heading\" data-id=\"2778ead\" data-element_type=\"widget\" data-e-type=\"widget\" data-widget_type=\"heading.default\">\n\t\t\t\t\t<h2 class=\"elementor-heading-title elementor-size-default\">Service for<\/h2>\t\t\t\t<\/div>\n\t\t\t\t<\/div>\n\t\t<div class=\"elementor-element elementor-element-de4ca11 e-con-full e-flex e-con e-child\" data-id=\"de4ca11\" data-element_type=\"container\" data-e-type=\"container\">\n\t\t<div class=\"elementor-element elementor-element-c3ca1a7 e-con-full e-flex e-con e-child\" data-id=\"c3ca1a7\" data-element_type=\"container\" data-e-type=\"container\" data-settings=\"{&quot;background_background&quot;:&quot;classic&quot;}\">\n\t\t\t\t<div class=\"elementor-element elementor-element-d5d66d9 elementor-widget elementor-widget-icon-box\" data-id=\"d5d66d9\" data-element_type=\"widget\" data-e-type=\"widget\" data-widget_type=\"icon-box.default\">\n\t\t\t\t\t\t\t<div class=\"elementor-icon-box-wrapper\">\n\n\t\t\t\n\t\t\t\t\t\t<div class=\"elementor-icon-box-content\">\n\n\t\t\t\t\t\t\t\t\t<h3 class=\"elementor-icon-box-title\">\n\t\t\t\t\t\t<span  >\n\t\t\t\t\t\t\tTAX ADVICE\t\t\t\t\t\t<\/span>\n\t\t\t\t\t<\/h3>\n\t\t\t\t\n\t\t\t\t\t\t\t\t\t<p class=\"elementor-icon-box-description\">\n\t\t\t\t\t\tTo keep you up to date on your tax situation, we are happy to draw up budget accounts in which we estimate your annual income and the resulting tax burden on the basis of your historical data. \t\t\t\t\t<\/p>\n\t\t\t\t\n\t\t\t<\/div>\n\t\t\t\n\t\t<\/div>\n\t\t\t\t\t\t<\/div>\n\t\t\t\t<\/div>\n\t\t<div class=\"elementor-element elementor-element-ed8eb3f e-con-full e-flex e-con e-child\" data-id=\"ed8eb3f\" data-element_type=\"container\" data-e-type=\"container\" data-settings=\"{&quot;background_background&quot;:&quot;classic&quot;}\">\n\t\t\t\t<div class=\"elementor-element elementor-element-bd91df0 elementor-widget elementor-widget-icon-box\" data-id=\"bd91df0\" data-element_type=\"widget\" data-e-type=\"widget\" data-widget_type=\"icon-box.default\">\n\t\t\t\t\t\t\t<div class=\"elementor-icon-box-wrapper\">\n\n\t\t\t\n\t\t\t\t\t\t<div class=\"elementor-icon-box-content\">\n\n\t\t\t\t\t\t\t\t\t<h3 class=\"elementor-icon-box-title\">\n\t\t\t\t\t\t<span  >\n\t\t\t\t\t\t\tInternational Tax Law and Transfer Pricing\t\t\t\t\t\t<\/span>\n\t\t\t\t\t<\/h3>\n\t\t\t\t\n\t\t\t\t\t\t\t\t\t<p class=\"elementor-icon-box-description\">\n\t\t\t\t\t\tMany taxpayers feel overwhelmed by tax law, which is constantly changing and becoming ever more complex. We offer reliable professional assistance.\t\t\t\t\t<\/p>\n\t\t\t\t\n\t\t\t<\/div>\n\t\t\t\n\t\t<\/div>\n\t\t\t\t\t\t<\/div>\n\t\t\t\t<\/div>\n\t\t<div class=\"elementor-element elementor-element-69ba9a7 e-con-full e-flex e-con e-child\" data-id=\"69ba9a7\" data-element_type=\"container\" data-e-type=\"container\" data-settings=\"{&quot;background_background&quot;:&quot;classic&quot;}\">\n\t\t\t\t<div class=\"elementor-element elementor-element-c68be22 elementor-widget elementor-widget-icon-box\" data-id=\"c68be22\" data-element_type=\"widget\" data-e-type=\"widget\" data-widget_type=\"icon-box.default\">\n\t\t\t\t\t\t\t<div class=\"elementor-icon-box-wrapper\">\n\n\t\t\t\n\t\t\t\t\t\t<div class=\"elementor-icon-box-content\">\n\n\t\t\t\t\t\t\t\t\t<h3 class=\"elementor-icon-box-title\">\n\t\t\t\t\t\t<span  >\n\t\t\t\t\t\t\tAUDITS\t\t\t\t\t\t<\/span>\n\t\t\t\t\t<\/h3>\n\t\t\t\t\n\t\t\t\t\t\t\t\t\t<p class=\"elementor-icon-box-description\">\n\t\t\t\t\t\tOur audits will provide you with valuable insights: How can you make your processes more efficient? How can you adapt your risk management system to the relevant segments? \t\t\t\t\t<\/p>\n\t\t\t\t\n\t\t\t<\/div>\n\t\t\t\n\t\t<\/div>\n\t\t\t\t\t\t<\/div>\n\t\t\t\t<\/div>\n\t\t\t\t<\/div>\n\t\t\t\t\t<\/div>\n\t\t\t\t<\/div>\n\t\t<div class=\"elementor-element elementor-element-1a3768b elementor-hidden-desktop elementor-hidden-tablet elementor-hidden-mobile e-flex e-con-boxed e-con e-parent\" data-id=\"1a3768b\" data-element_type=\"container\" data-e-type=\"container\">\n\t\t\t\t\t<div class=\"e-con-inner\">\n\t\t<div class=\"elementor-element elementor-element-a8e8da5 e-con-full e-flex e-con e-child\" data-id=\"a8e8da5\" data-element_type=\"container\" data-e-type=\"container\" data-settings=\"{&quot;background_background&quot;:&quot;classic&quot;}\">\n\t\t\t\t<div class=\"elementor-element elementor-element-72ffbc6 elementor-widget elementor-widget-heading\" data-id=\"72ffbc6\" data-element_type=\"widget\" data-e-type=\"widget\" data-widget_type=\"heading.default\">\n\t\t\t\t\t<h2 class=\"elementor-heading-title elementor-size-default\">Career opportunities<\/h2>\t\t\t\t<\/div>\n\t\t\t\t<div class=\"elementor-element elementor-element-8192eca elementor-widget elementor-widget-text-editor\" data-id=\"8192eca\" data-element_type=\"widget\" data-e-type=\"widget\" data-widget_type=\"text-editor.default\">\n\t\t\t\t\t\t\t\t\t<p><strong><span dir=\"auto\">Quality for the benefit of our clients is the foundation of our business.<\/span><br \/><\/strong><span dir=\"auto\">Ensuring this standard is consistently met in our daily work is an essential element of our corporate principles. We don&#8217;t leave quality development to chance; instead, we actively support it by shaping the associated processes.<\/span><\/p><p><span dir=\"auto\">This field requires qualified specialists in tax and economics. Continuous knowledge transfer is therefore the foundation for our success and that of our clients.<\/span><\/p>\t\t\t\t\t\t\t\t<\/div>\n\t\t\t\t<div class=\"elementor-element elementor-element-4995053 elementor-widget elementor-widget-ucaddon_color_overlay_button\" data-id=\"4995053\" data-element_type=\"widget\" data-e-type=\"widget\" data-widget_type=\"ucaddon_color_overlay_button.default\">\n\t\t\t\t<div class=\"elementor-widget-container\">\n\t\t\t\t\t\n<!-- start Overlay Button -->\n<style>\/* widget: Overlay Button *\/\n\n#uc_color_overlay_button_elementor_4995053 a.color-overlay-link\n{\n  display:inline-block;\n  position:relative;\n  text-decoration:none;\n  overflow:hidden;\n}\n\n#uc_color_overlay_button_elementor_4995053 a span.ue-color-overlay\n{\n  display:block;\n  position:absolute;\n  top:0px;\n  right:0px;\n}\n\n#uc_color_overlay_button_elementor_4995053 a .ue-btn-txt\n{\n  position:relative;\n  display: flex;\n  align-items: center;\n  flex-direction: row;\n}\n#uc_color_overlay_button_elementor_4995053 a .ue-btn-txt svg\n{\n  width:1em;\n  height:1em;\n}\n\n<\/style>\n\n<div id=\"uc_color_overlay_button_elementor_4995053\" class=\"color-overlay-button\">\n  <a href=\"#\" class=\"color-overlay-link\" >\n    <span class=\"ue-color-overlay\"><\/span>\n    <span class=\"ue-btn-txt\">VACANCIES <\/span>\n  <\/a>\n<\/div>\n<!-- end Overlay Button -->\t\t\t\t<\/div>\n\t\t\t\t<\/div>\n\t\t\t\t<\/div>\n\t\t<div class=\"elementor-element elementor-element-70185b8 e-con-full elementor-hidden-mobile e-flex e-con e-child\" data-id=\"70185b8\" data-element_type=\"container\" data-e-type=\"container\" data-settings=\"{&quot;background_background&quot;:&quot;classic&quot;}\">\n\t\t\t\t<div class=\"elementor-element elementor-element-6567c7a elementor-widget elementor-widget-spacer\" data-id=\"6567c7a\" data-element_type=\"widget\" data-e-type=\"widget\" data-widget_type=\"spacer.default\">\n\t\t\t\t\t\t\t<div class=\"elementor-spacer\">\n\t\t\t<div class=\"elementor-spacer-inner\"><\/div>\n\t\t<\/div>\n\t\t\t\t\t\t<\/div>\n\t\t\t\t<\/div>\n\t\t\t\t\t<\/div>\n\t\t\t\t<\/div>\n\t\t\t\t<\/div>","protected":false},"excerpt":{"rendered":"<p>Efficient accounting Innovative tools Where smart technologies and smart people come together to take your audits to the future. MGI Worldwide is a network of independent audit, tax, accounting and consulting firms. Learn more When providing advice, we focus on the solution! At Greis Brosent, we focus exclusively on what we do best: independant audit [&hellip;]<\/p>\n","protected":false},"author":1,"featured_media":0,"parent":0,"menu_order":0,"comment_status":"closed","ping_status":"closed","template":"elementor_header_footer","meta":{"inline_featured_image":false,"footnotes":""},"class_list":["post-6","page","type-page","status-publish","hentry"],"_hostinger_reach_plugin_has_subscription_block":false,"_hostinger_reach_plugin_is_elementor":false,"_links":{"self":[{"href":"https:\/\/mgi-gb.de\/de\/wp-json\/wp\/v2\/pages\/6","targetHints":{"allow":["GET"]}}],"collection":[{"href":"https:\/\/mgi-gb.de\/de\/wp-json\/wp\/v2\/pages"}],"about":[{"href":"https:\/\/mgi-gb.de\/de\/wp-json\/wp\/v2\/types\/page"}],"author":[{"embeddable":true,"href":"https:\/\/mgi-gb.de\/de\/wp-json\/wp\/v2\/users\/1"}],"replies":[{"embeddable":true,"href":"https:\/\/mgi-gb.de\/de\/wp-json\/wp\/v2\/comments?post=6"}],"version-history":[{"count":244,"href":"https:\/\/mgi-gb.de\/de\/wp-json\/wp\/v2\/pages\/6\/revisions"}],"predecessor-version":[{"id":1438,"href":"https:\/\/mgi-gb.de\/de\/wp-json\/wp\/v2\/pages\/6\/revisions\/1438"}],"wp:attachment":[{"href":"https:\/\/mgi-gb.de\/de\/wp-json\/wp\/v2\/media?parent=6"}],"curies":[{"name":"wp","href":"https:\/\/api.w.org\/{rel}","templated":true}]}}